{"id":11,"date":"2008-09-02T19:55:58","date_gmt":"2008-09-02T17:55:58","guid":{"rendered":"http:\/\/www.napolinelmondo.org\/public\/wp\/?page_id=11"},"modified":"2017-10-31T18:59:20","modified_gmt":"2017-10-31T16:59:20","slug":"regolamento","status":"publish","type":"page","link":"https:\/\/www.napolinelmondo.org\/public\/wp\/associazione\/regolamento\/","title":{"rendered":"<!--:it-->Regolamento<!--:--><!--:en-->Regulation<!--:-->"},"content":{"rendered":"<p><!--:it-->ASSOCIAZIONE NAPOLI NEL MONDO &#8212; NAPOLI AROUND THE WORLD SEDE: VIA A. DE CURTIS, 5 80010 QUARTO (NA) &#8211; ITALY CODICE FISCALE :96015130634 &#8211; REGISTRATA PRESSO L&#8217;AGENZIA DELLE ENTRATE DI POZZUOLI (NA) iN DATA 20 NOV 2002 AL N. 001978\/SERIE 3. Il Consiglio, a norma del vigente statuto, emana il seguente Regolamento di funzionamento: Art.1 Oggetto. Il presente regolamento disciplina il funzionamento dell&#8217;Associazione nel rispetto dello statuto e delle norme comportamentali. Art. 2 Scopi. Gli scopi sono quelli espressamente previsti dagli articoli 2, 3 e 4 dello statuto e dalle direttive previste nelle disposizioni finali dello stesso. Art.3 Soci Gli articoli che regolamentano i soci sono espressamente previsti dallo statuto, ossia gli articoli da 8 a 13 che qui si riportano: &#8211; Possono far parte dell&#8217;Associazione tutti coloro che siano simpatizzanti di Napoli e che vogliono operare per le finalit\u00e0 e con le modalit\u00e0 stabilite nel presente statuto, siano essi persone fisiche che sostenitori in nome collettivo, enti, organismi, istituzioni. L&#8217;iscrizione viene riconosciuta su base individuale; viene inoltrata su proposta del Circolo, ove esistente, e viene decisa dal Consiglio nazionale. Il Consiglio Nazionale decide l&#8217;accoglimento delle adesioni. &#8211; I soci devono rispettare lo Statuto e pagare le quote associative nella misura determinata dal Comitato nazionale, ne sono esclusi i soci fondatori ed i soci onorifici. La loro qualifica di membri dell&#8217;Associazione \u00e8 incompatibile con atti non conformi o contrari allo spirito e alla lettera del presente Statuto. I responsabili di tali atti vengono richiamati e nei casi pi\u00f9 gravi espulsi dall&#8217;Associazione previo parere dei Probiviri. &#8211; I soci sono impegnati a utilizzare i simboli dell&#8217;Associazione nonch\u00e9 i beni di propriet\u00e0 o in uso della stessa esclusivamente per le attivit\u00e0 e i fini associativi. &#8211; Ogni socio che presta la propria collaborazione non retribuita alle attivit\u00e0, secondo le proprie attitudini e possibilit\u00e0, ha diritto al rimborso delle spese autorizzate. &#8211; Ogni socio in regola con il pagamento delle quote associative annue ha diritto di partecipare, secondo le norme del presente statuto, alle attivit\u00e0 associative, usufruire di tutti i mezzi e vantaggi dell&#8217;Associazione e quelli che la stessa mette a disposizione, far parte dei vari organi dell&#8217;Associazione ; sono esentatati dalla quota associativa annuale, i soci fondatori dell&#8217;Associazione , i soci benemeriti o onorari e quelli cooptati per diritto. &#8211; Il Comitato nazionale pu\u00f2 conferire la qualifica di socio onorario o benemerito a chi ritenga possedere requisiti particolarmente idonei a favorire il raggiungimento delle finalit\u00e0 statutarie elevando il prestigio e rafforzando l&#8217;influenza dell&#8217;Associazione o abbia reso particolari vantaggi alla stessa. I soci fondatori, esaurita ogni eventuale loro carica, restano soci onorari a vita e possono ricoprire qualunque carica, se eletti. I soci onorari hanno facolt\u00e0 di partecipare al Congresso nazionale, con diritto di voto e sono eleggibili. I soci benemeriti vanno far parte del Comitato d&#8217;onore. Art.4 Cariche. Le cariche regolate dagli articoli 23 e seguenti (fino all&#8217;art.38), dello Statuto, hanno durata quinquennale; i soci benemeriti, il Comitato d&#8217;onore ed il Comitato scientifico, hanno durata illimitata, essi sono distinti come da artt 40, a 42 dello statuto. Art.5 Bilancio. Il bilancio \u00e8 redatto per ogni anno solare, gli esercizi vanno dal 1 gennaio e si chiudono al 31 dicembre di ogni anno, la forma contabile \u00e8 la partita semplice, basata su Entrate ed Uscite, essendo la Associazione catalogata tra quelle &#8220;non a scopo di lucro&#8221;, esso va sottoposto alla approvazione dell&#8217;assemblea entro 120 gg dalla chiusura contabile. Art.6 Patrimonio. Il Circolo finanzia autonomamente la sua esistenza e la sua attivit\u00e0, traendo risorse sia da sottoscrizione, patrocini, donazioni, attivit\u00e0 e servizi vari, sia delle sue spettanze quando scelga di ricorrere ai servizi nazionali per attivit\u00e0 come il servizio di abbonamenti, la diffusione di libri e pubblicazioni napoletane, la eventuale promozione di viaggi da e per Napoli*. E&#8217; direttamente responsabile della sua attivit\u00e0 finanziaria, dei propri bilanci e della propria contabilit\u00e0, amministra il suo patrimonio ricavando i mezzi finanziari da quote associative, sottoscrizioni, contributi, donazioni, eredit\u00e0, patrocini, iniziative e servizi vari. In caso di scioglimento L&#8217;Associazione ha l&#8217;obbligo di devolvere l&#8217;eventuale patrimonio ad organizzazioni a scopo benefico (Onlus). Art. 7 Forme di pubblicit\u00e0 . Il presente regolamento non \u00e8 soggetto a registrazione, viene approvato a norma di Statuto debitamente registrato, esso viene sottoposto alla visura dei soci ed \u00e8 datato, firmato dal Presidente.<\/p>\n<p><!--:--><!--:en-->ASSOCIAZIONE NAPOLI NEL MONDO &#8212; NAPOLI AROUND THE WORLD SEDE: VIA A. DE CURTIS, 5 80010 QUARTO (NA) &#8211; ITALY CODICE FISCALE :96015130634 &#8211; REGISTRATA PRESSO L&#8217;AGENZIA DELLE ENTRATE DI POZZUOLI (NA) iN DATA 20 NOV 2002 AL N. 001978\/SERIE 3. Il Consiglio, a norma del vigente statuto, emana il seguente Regolamento di funzionamento: Art.1 Oggetto. Il presente regolamento disciplina il funzionamento dell&#8217;Associazione nel rispetto dello statuto e delle norme comportamentali. Art. 2 Scopi. Gli scopi sono quelli espressamente previsti dagli articoli 2, 3 e 4 dello statuto e dalle direttive previste nelle disposizioni finali dello stesso. Art.3 Soci Gli articoli che regolamentano i soci sono espressamente previsti dallo statuto, ossia gli articoli da 8 a 13 che qui si riportano: &#8211; Possono far parte dell&#8217;Associazione tutti coloro che siano simpatizzanti di Napoli e che vogliono operare per le finalit\u00e0 e con le modalit\u00e0 stabilite nel presente statuto, siano essi persone fisiche che sostenitori in nome collettivo, enti, organismi, istituzioni. L&#8217;iscrizione viene riconosciuta su base individuale; viene inoltrata su proposta del Circolo, ove esistente, e viene decisa dal Consiglio nazionale. Il Consiglio Nazionale decide l&#8217;accoglimento delle adesioni. &#8211; I soci devono rispettare lo Statuto e pagare le quote associative nella misura determinata dal Comitato nazionale, ne sono esclusi i soci fondatori ed i soci onorifici. La loro qualifica di membri dell&#8217;Associazione \u00e8 incompatibile con atti non conformi o contrari allo spirito e alla lettera del presente Statuto. I responsabili di tali atti vengono richiamati e nei casi pi\u00f9 gravi espulsi dall&#8217;Associazione previo parere dei Probiviri. &#8211; I soci sono impegnati a utilizzare i simboli dell&#8217;Associazione nonch\u00e9 i beni di propriet\u00e0 o in uso della stessa esclusivamente per le attivit\u00e0 e i fini associativi. &#8211; Ogni socio che presta la propria collaborazione non retribuita alle attivit\u00e0, secondo le proprie attitudini e possibilit\u00e0, ha diritto al rimborso delle spese autorizzate. &#8211; Ogni socio in regola con il pagamento delle quote associative annue ha diritto di partecipare, secondo le norme del presente statuto, alle attivit\u00e0 associative, usufruire di tutti i mezzi e vantaggi dell&#8217;Associazione e quelli che la stessa mette a disposizione, far parte dei vari organi dell&#8217;Associazione ; sono esentatati dalla quota associativa annuale, i soci fondatori dell&#8217;Associazione , i soci benemeriti o onorari e quelli cooptati per diritto. &#8211; Il Comitato nazionale pu\u00f2 conferire la qualifica di socio onorario o benemerito a chi ritenga possedere requisiti particolarmente idonei a favorire il raggiungimento delle finalit\u00e0 statutarie elevando il prestigio e rafforzando l&#8217;influenza dell&#8217;Associazione o abbia reso particolari vantaggi alla stessa. I soci fondatori, esaurita ogni eventuale loro carica, restano soci onorari a vita e possono ricoprire qualunque carica, se eletti. I soci onorari hanno facolt\u00e0 di partecipare al Congresso nazionale, con diritto di voto e sono eleggibili. I soci benemeriti vanno far parte del Comitato d&#8217;onore. Art.4 Cariche. Le cariche regolate dagli articoli 23 e seguenti (fino all&#8217;art.38), dello Statuto, hanno durata quinquennale; i soci benemeriti, il Comitato d&#8217;onore ed il Comitato scientifico, hanno durata illimitata, essi sono distinti come da artt 40, a 42 dello statuto. Art.5 Bilancio. Il bilancio \u00e8 redatto per ogni anno solare, gli esercizi vanno dal 1 gennaio e si chiudono al 31 dicembre di ogni anno, la forma contabile \u00e8 la partita semplice, basata su Entrate ed Uscite, essendo la Associazione catalogata tra quelle &#8220;non a scopo di lucro&#8221;, esso va sottoposto alla approvazione dell&#8217;assemblea entro 120 gg dalla chiusura contabile. Art.6 Patrimonio. Il Circolo finanzia autonomamente la sua esistenza e la sua attivit\u00e0, traendo risorse sia da sottoscrizione, patrocini, donazioni, attivit\u00e0 e servizi vari, sia delle sue spettanze quando scelga di ricorrere ai servizi nazionali per attivit\u00e0 come il servizio di abbonamenti, la diffusione di libri e pubblicazioni napoletane, la eventuale promozione di viaggi da e per Napoli*. E&#8217; direttamente responsabile della sua attivit\u00e0 finanziaria, dei propri bilanci e della propria contabilit\u00e0, amministra il suo patrimonio ricavando i mezzi finanziari da quote associative, sottoscrizioni, contributi, donazioni, eredit\u00e0, patrocini, iniziative e servizi vari. In caso di scioglimento L&#8217;Associazione ha l&#8217;obbligo di devolvere l&#8217;eventuale patrimonio ad organizzazioni a scopo benefico (Onlus). Art. 7 Forme di pubblicit\u00e0 . Il presente regolamento non \u00e8 soggetto a registrazione, viene approvato a norma di Statuto debitamente registrato, esso viene sottoposto alla visura dei soci ed \u00e8 datato, firmato dal Presidente.<\/p>\n<p><!--:--><\/p>\n","protected":false},"excerpt":{"rendered":"<p>ASSOCIAZIONE NAPOLI NEL MONDO &#8212; NAPOLI AROUND THE WORLD SEDE: VIA A. DE CURTIS, 5 80010 QUARTO (NA) &#8211; ITALY CODICE FISCALE :96015130634 &#8211; REGISTRATA PRESSO L&#8217;AGENZIA DELLE ENTRATE DI POZZUOLI (NA) iN DATA 20 NOV 2002 AL N. 001978\/SERIE 3. Il Consiglio, a norma del vigente statuto, emana il seguente Regolamento di funzionamento: Art.1 [&hellip;]<\/p>\n","protected":false},"author":1,"featured_media":0,"parent":53,"menu_order":3,"comment_status":"closed","ping_status":"closed","template":"","meta":{"_et_pb_use_builder":"","_et_pb_old_content":"","_et_gb_content_width":"","jetpack_post_was_ever_published":false,"footnotes":""},"yst_prominent_words":[],"class_list":["post-11","page","type-page","status-publish","hentry"],"jetpack_shortlink":"https:\/\/wp.me\/PESQJ-b","jetpack_sharing_enabled":true,"jetpack_likes_enabled":false,"jetpack-related-posts":[{"id":53715,"url":"https:\/\/www.napolinelmondo.org\/public\/wp\/regolamento\/","url_meta":{"origin":11,"position":0},"title":"Regolamento","author":"Armando","date":"18 Dicembre 2021","format":false,"excerpt":"Regolamento Regulation ASSOCIAZIONE NAPOLI NEL MONDO \u2014 NAPOLI AROUND THE WORLD SEDE: VIA A. DE CURTIS, 5 80010 QUARTO (NA) \u2013 ITALY CODICE FISCALE :96015130634 \u2013 REGISTRATA PRESSO L\u2019AGENZIA DELLE ENTRATE DI POZZUOLI (NA) iN DATA 20 NOV 2002 AL N. 001978\/SERIE 3. Il Consiglio, a norma del vigente statuto,\u2026","rel":"","context":"Articolo simile","block_context":{"text":"Articolo simile","link":""},"img":{"alt_text":"","src":"","width":0,"height":0},"classes":[]},{"id":8,"url":"https:\/\/www.napolinelmondo.org\/public\/wp\/associazione\/statuto\/","url_meta":{"origin":11,"position":1},"title":"StatutoStatute","author":"admin","date":"2 Settembre 2008","format":false,"excerpt":"[singlepic id=57 w=110 h=110 float=left] Statuto dell\u2019Associazione Napoli nel Mondo \u2013 Napoli Around the World Association. I \u2013 Parte internazionale Denominazione : Associazione Napoli nel Mondo- Napoli Around the World Association. L\u2019Associazione Napoli nel Mondo (Napoli Around the World Association), per i rapporti culturali e di amicizia fra Napoli e\u2026","rel":"","context":"In &quot;News&quot;","block_context":{"text":"News","link":"https:\/\/www.napolinelmondo.org\/public\/wp\/category\/news\/"},"img":{"alt_text":"","src":"","width":0,"height":0},"classes":[]},{"id":53719,"url":"https:\/\/www.napolinelmondo.org\/public\/wp\/statuto\/","url_meta":{"origin":11,"position":2},"title":"Statuto","author":"Armando","date":"18 Dicembre 2021","format":false,"excerpt":"Statuto dell\u2019Associazione Napoli nel Mondo \u2013 Napoli Around the World Association. \u00a0 I \u2013 Parte internazionale Denominazione : Associazione Napoli nel Mondo- Napoli Around the World Association. L\u2019Associazione Napoli nel Mondo (Napoli Around the World Association), per i rapporti culturali e di amicizia fra Napoli e tutte le altre citt\u00e0\u2026","rel":"","context":"Articolo simile","block_context":{"text":"Articolo simile","link":""},"img":{"alt_text":"","src":"https:\/\/i0.wp.com\/web.archive.org\/web\/20210416210729im_\/https%3A\/\/i0.wp.com\/www.napolinelmondo.org\/public\/wp\/wp-content\/uploads\/2014\/02\/cropped-logo.gif?resize=350%2C200&ssl=1","width":350,"height":200},"classes":[]},{"id":6656,"url":"https:\/\/www.napolinelmondo.org\/public\/wp\/associazione\/privacy-2\/","url_meta":{"origin":11,"position":3},"title":"Privacy","author":"presidentenm","date":"31 Ottobre 2017","format":false,"excerpt":"Associazione Napoli nel Mondo - Napoli Around the World\u00a0Association\u00a0pone la massima attenzione alla riservatezza, alla tutela e alla sicurezza dei dati personali relativi ai soggetti con cui entra in contatto. Il Navigatore di questo sito \u00e8 pertanto invitato a visitare preliminarmente tutte le sezioni del presente documento, nel quale sono\u2026","rel":"","context":"Articolo simile","block_context":{"text":"Articolo simile","link":""},"img":{"alt_text":"","src":"","width":0,"height":0},"classes":[]},{"id":2,"url":"https:\/\/www.napolinelmondo.org\/public\/wp\/associazione\/info\/","url_meta":{"origin":11,"position":4},"title":"Chi siamoWho we are","author":"admin","date":"2 Settembre 2008","format":false,"excerpt":"Siamo dei \u201cnapoletani\u201d cio\u00e8 nati, vissuti o comunque simpatizzanti di Napoli. Abbiamo deciso di fondare questa associazione per fare incontrare tutti i \u201cnapoletani\u201d del mondo, ovvero i residenti o simpatizzanti di tutte le Napoli nelle sue espressioni, comunque esse si chiamino ed ovunque si trovino. Neapolis, Napoli, Naples, cosa hanno\u2026","rel":"","context":"In &quot;News&quot;","block_context":{"text":"News","link":"https:\/\/www.napolinelmondo.org\/public\/wp\/category\/news\/"},"img":{"alt_text":"","src":"","width":0,"height":0},"classes":[]},{"id":4908,"url":"https:\/\/www.napolinelmondo.org\/public\/wp\/primo-premio-napoli-nel-mondo-2\/","url_meta":{"origin":11,"position":5},"title":"Primo Premio Napoli nel Mondo","author":"presidentenm","date":"21 Maggio 2012","format":false,"excerpt":"\u00a0 Sabato 19 maggio 2012 , nella prestigiosa sala del Domenichino del Museo del Tesoro di San Gennaro si \u00e8 svolta la prima edizione del \"Premio Napoli nel Mondo\".\u00a0 Il premio nasce da una idea del presidente della Associazione Napoli nel mondo, recepita dal consiglio direttivo ed inserita nell'articolo 31\u2026","rel":"","context":"In &quot;News&quot;","block_context":{"text":"News","link":"https:\/\/www.napolinelmondo.org\/public\/wp\/category\/news\/"},"img":{"alt_text":"","src":"https:\/\/i0.wp.com\/www.napolinelmondo.org\/public\/wp\/wp-content\/uploads\/2012\/05\/New-loc-napolimondo1.jpg?fit=984%2C1200&ssl=1&resize=350%2C200","width":350,"height":200,"srcset":"https:\/\/i0.wp.com\/www.napolinelmondo.org\/public\/wp\/wp-content\/uploads\/2012\/05\/New-loc-napolimondo1.jpg?fit=984%2C1200&ssl=1&resize=350%2C200 1x, https:\/\/i0.wp.com\/www.napolinelmondo.org\/public\/wp\/wp-content\/uploads\/2012\/05\/New-loc-napolimondo1.jpg?fit=984%2C1200&ssl=1&resize=525%2C300 1.5x, https:\/\/i0.wp.com\/www.napolinelmondo.org\/public\/wp\/wp-content\/uploads\/2012\/05\/New-loc-napolimondo1.jpg?fit=984%2C1200&ssl=1&resize=700%2C400 2x"},"classes":[]}],"_links":{"self":[{"href":"https:\/\/www.napolinelmondo.org\/public\/wp\/wp-json\/wp\/v2\/pages\/11","targetHints":{"allow":["GET"]}}],"collection":[{"href":"https:\/\/www.napolinelmondo.org\/public\/wp\/wp-json\/wp\/v2\/pages"}],"about":[{"href":"https:\/\/www.napolinelmondo.org\/public\/wp\/wp-json\/wp\/v2\/types\/page"}],"author":[{"embeddable":true,"href":"https:\/\/www.napolinelmondo.org\/public\/wp\/wp-json\/wp\/v2\/users\/1"}],"replies":[{"embeddable":true,"href":"https:\/\/www.napolinelmondo.org\/public\/wp\/wp-json\/wp\/v2\/comments?post=11"}],"version-history":[{"count":6,"href":"https:\/\/www.napolinelmondo.org\/public\/wp\/wp-json\/wp\/v2\/pages\/11\/revisions"}],"predecessor-version":[{"id":25,"href":"https:\/\/www.napolinelmondo.org\/public\/wp\/wp-json\/wp\/v2\/pages\/11\/revisions\/25"}],"up":[{"embeddable":true,"href":"https:\/\/www.napolinelmondo.org\/public\/wp\/wp-json\/wp\/v2\/pages\/53"}],"wp:attachment":[{"href":"https:\/\/www.napolinelmondo.org\/public\/wp\/wp-json\/wp\/v2\/media?parent=11"}],"wp:term":[{"taxonomy":"yst_prominent_words","embeddable":true,"href":"https:\/\/www.napolinelmondo.org\/public\/wp\/wp-json\/wp\/v2\/yst_prominent_words?post=11"}],"curies":[{"name":"wp","href":"https:\/\/api.w.org\/{rel}","templated":true}]}}